{"id":173,"date":"2026-05-11T13:37:09","date_gmt":"2026-05-11T17:37:09","guid":{"rendered":"https:\/\/roxannelafleur.ca\/?page_id=173"},"modified":"2026-05-11T23:07:52","modified_gmt":"2026-05-12T03:07:52","slug":"de-mere-en-mer","status":"publish","type":"page","link":"https:\/\/roxannelafleur.ca\/fr\/de-mere-en-mer\/","title":{"rendered":"De m\u00e8re en mer"},"content":{"rendered":"<h2 class=\"wp-block-heading has-medium-font-size\">une s\u00e9lection de dessins (2011-2013)<\/h2>\n\n\n\n<figure class=\"wp-block-image size-full\"><img loading=\"lazy\" decoding=\"async\" width=\"1024\" height=\"675\" src=\"https:\/\/roxannelafleur.ca\/wp-content\/uploads\/2026\/05\/rlafleur2011002.jpg\" alt=\"\" class=\"wp-image-175\" srcset=\"https:\/\/roxannelafleur.ca\/wp-content\/uploads\/2026\/05\/rlafleur2011002.jpg 1024w, https:\/\/roxannelafleur.ca\/wp-content\/uploads\/2026\/05\/rlafleur2011002-300x198.jpg 300w, https:\/\/roxannelafleur.ca\/wp-content\/uploads\/2026\/05\/rlafleur2011002-768x506.jpg 768w, https:\/\/roxannelafleur.ca\/wp-content\/uploads\/2026\/05\/rlafleur2011002-18x12.jpg 18w\" sizes=\"auto, (max-width: 1024px) 100vw, 1024px\" \/><figcaption class=\"wp-element-caption\"><strong>De m\u00e8re en mer I<\/strong><\/figcaption><\/figure>\n\n\n\n<figure class=\"wp-block-image size-full\"><img loading=\"lazy\" decoding=\"async\" width=\"1024\" height=\"675\" src=\"https:\/\/roxannelafleur.ca\/wp-content\/uploads\/2026\/05\/rlafleur2011004.jpg\" alt=\"\" class=\"wp-image-176\" srcset=\"https:\/\/roxannelafleur.ca\/wp-content\/uploads\/2026\/05\/rlafleur2011004.jpg 1024w, https:\/\/roxannelafleur.ca\/wp-content\/uploads\/2026\/05\/rlafleur2011004-300x198.jpg 300w, https:\/\/roxannelafleur.ca\/wp-content\/uploads\/2026\/05\/rlafleur2011004-768x506.jpg 768w, https:\/\/roxannelafleur.ca\/wp-content\/uploads\/2026\/05\/rlafleur2011004-18x12.jpg 18w\" sizes=\"auto, (max-width: 1024px) 100vw, 1024px\" \/><figcaption class=\"wp-element-caption\"><strong>De m\u00e8re en mer III<\/strong><\/figcaption><\/figure>\n\n\n\n<figure class=\"wp-block-image size-full\"><img loading=\"lazy\" decoding=\"async\" width=\"800\" height=\"528\" src=\"https:\/\/roxannelafleur.ca\/wp-content\/uploads\/2026\/05\/rlafleur2011005.jpg\" alt=\"\" class=\"wp-image-177\" srcset=\"https:\/\/roxannelafleur.ca\/wp-content\/uploads\/2026\/05\/rlafleur2011005.jpg 800w, https:\/\/roxannelafleur.ca\/wp-content\/uploads\/2026\/05\/rlafleur2011005-300x198.jpg 300w, https:\/\/roxannelafleur.ca\/wp-content\/uploads\/2026\/05\/rlafleur2011005-768x507.jpg 768w, https:\/\/roxannelafleur.ca\/wp-content\/uploads\/2026\/05\/rlafleur2011005-18x12.jpg 18w\" sizes=\"auto, (max-width: 800px) 100vw, 800px\" \/><figcaption class=\"wp-element-caption\"><strong>De m\u00e8re en mer VI<\/strong><\/figcaption><\/figure>\n\n\n\n<figure class=\"wp-block-image size-full\"><img loading=\"lazy\" decoding=\"async\" width=\"1024\" height=\"678\" src=\"https:\/\/roxannelafleur.ca\/wp-content\/uploads\/2026\/05\/rlafleur2011007.jpg\" alt=\"\" class=\"wp-image-178\" srcset=\"https:\/\/roxannelafleur.ca\/wp-content\/uploads\/2026\/05\/rlafleur2011007.jpg 1024w, https:\/\/roxannelafleur.ca\/wp-content\/uploads\/2026\/05\/rlafleur2011007-300x199.jpg 300w, https:\/\/roxannelafleur.ca\/wp-content\/uploads\/2026\/05\/rlafleur2011007-768x509.jpg 768w, https:\/\/roxannelafleur.ca\/wp-content\/uploads\/2026\/05\/rlafleur2011007-18x12.jpg 18w\" sizes=\"auto, (max-width: 1024px) 100vw, 1024px\" \/><figcaption class=\"wp-element-caption\"><strong>De m\u00e8re en mer VIII<\/strong><\/figcaption><\/figure>\n\n\n\n<figure class=\"wp-block-image size-full\"><img loading=\"lazy\" decoding=\"async\" width=\"1024\" height=\"675\" src=\"https:\/\/roxannelafleur.ca\/wp-content\/uploads\/2026\/05\/rlafleur2011009.jpg\" alt=\"\" class=\"wp-image-179\" srcset=\"https:\/\/roxannelafleur.ca\/wp-content\/uploads\/2026\/05\/rlafleur2011009.jpg 1024w, https:\/\/roxannelafleur.ca\/wp-content\/uploads\/2026\/05\/rlafleur2011009-300x198.jpg 300w, https:\/\/roxannelafleur.ca\/wp-content\/uploads\/2026\/05\/rlafleur2011009-768x506.jpg 768w, https:\/\/roxannelafleur.ca\/wp-content\/uploads\/2026\/05\/rlafleur2011009-18x12.jpg 18w\" sizes=\"auto, (max-width: 1024px) 100vw, 1024px\" \/><figcaption class=\"wp-element-caption\"><strong>De m\u00e8re en mer X<\/strong><\/figcaption><\/figure>\n\n\n\n<figure class=\"wp-block-image size-full\"><img loading=\"lazy\" decoding=\"async\" width=\"1024\" height=\"676\" src=\"https:\/\/roxannelafleur.ca\/wp-content\/uploads\/2026\/05\/rlafleur2011011.jpg\" alt=\"\" class=\"wp-image-181\" srcset=\"https:\/\/roxannelafleur.ca\/wp-content\/uploads\/2026\/05\/rlafleur2011011.jpg 1024w, https:\/\/roxannelafleur.ca\/wp-content\/uploads\/2026\/05\/rlafleur2011011-300x198.jpg 300w, https:\/\/roxannelafleur.ca\/wp-content\/uploads\/2026\/05\/rlafleur2011011-768x507.jpg 768w, https:\/\/roxannelafleur.ca\/wp-content\/uploads\/2026\/05\/rlafleur2011011-18x12.jpg 18w\" sizes=\"auto, (max-width: 1024px) 100vw, 1024px\" \/><figcaption class=\"wp-element-caption\"><strong>De m\u00e8re en mer XI<\/strong><\/figcaption><\/figure>\n\n\n\n<figure class=\"wp-block-image size-full\"><img loading=\"lazy\" decoding=\"async\" width=\"1024\" height=\"679\" src=\"https:\/\/roxannelafleur.ca\/wp-content\/uploads\/2026\/05\/rlafleur2013010.jpg\" alt=\"\" class=\"wp-image-180\" srcset=\"https:\/\/roxannelafleur.ca\/wp-content\/uploads\/2026\/05\/rlafleur2013010.jpg 1024w, https:\/\/roxannelafleur.ca\/wp-content\/uploads\/2026\/05\/rlafleur2013010-300x199.jpg 300w, https:\/\/roxannelafleur.ca\/wp-content\/uploads\/2026\/05\/rlafleur2013010-768x509.jpg 768w, https:\/\/roxannelafleur.ca\/wp-content\/uploads\/2026\/05\/rlafleur2013010-18x12.jpg 18w\" sizes=\"auto, (max-width: 1024px) 100vw, 1024px\" \/><figcaption class=\"wp-element-caption\"><strong>De m\u00e8re<\/strong><\/figcaption><\/figure>\n\n\n\n<p class=\"has-small-font-size\">Les 14 dessins sont tous de pastel, Cont\u00e9, fusain sur papier Maidstone, 63,5 x 96,5 cm.<\/p>\n\n\n\n<p>En fran\u00e7ais, les mots \u00ab m\u00e8re \u00bb et \u00ab mer \u00bb n'ont pas seulement la m\u00eame consonance, ils sont tous deux f\u00e9minins. Le projet <em>De m\u00e8re en mer<\/em> est le r\u00e9sultat d\u2019une tournure d\u2019\u00e9v\u00e8nements qui a commenc\u00e9 en 2010 avec l\u2019acquisition d\u2019un masque \u00e0 mailles en plastique, un moulage grossier de la t\u00eate et des \u00e9paules de ma m\u00e8re, qui a servi \u00e0 ses traitements de radioth\u00e9rapie. Quelques jours plus tard, j\u2019ai pass\u00e9 une semaine seul dans une maison perch\u00e9e sur la rive nord du fleuve Saint-Laurent. \u00c7a m\u2019a donn\u00e9 le go\u00fbt de la mer, des terres lointaines et des souvenirs perdus d\u2019anc\u00eatres fran\u00e7aises, belges, acadiennes, autochtones, qu\u00e9b\u00e9coises, franco-ontariennes et autres. J\u2019ai \u00e9cout\u00e9 des chansons anciennes de l\u2019Acadie, j\u2019ai lu sur la vie des Acadiens, et plus tard, je suis all\u00e9e en croisi\u00e8re sur le fleuve et la voie maritime du Saint-Laurent.<\/p>\n\n\n\n<p>Quelqu\u2019uns de ces dessins se retrouvent dans les pages du livre d\u2019artiste <em>De m\u00e8re, de mer<\/em>, et juxtapos\u00e9s \u00e0 l\u2019installation <em>De m\u00e8re en mer: Lost in Translation<\/em>.<\/p>","protected":false},"excerpt":{"rendered":"<p>selected drawings (2011-2013) All 14 drawings are of pastel, Cont\u00e9, charcoal, graphite on Maidstone paper, 63.5 x 96.5 cm. In French, the words &#8220;m\u00e8re&#8221; and &#8220;mer&#8221; not only sound the same, they are both feminine. The project De m\u00e8re en mer (From Mother to Sea) is due to a turn of events that began in [&hellip;]<\/p>\n","protected":false},"author":2,"featured_media":0,"parent":0,"menu_order":0,"comment_status":"closed","ping_status":"closed","template":"","meta":{"pagelayer_contact_templates":[],"_pagelayer_content":"","footnotes":""},"class_list":["post-173","page","type-page","status-publish","hentry"],"_links":{"self":[{"href":"https:\/\/roxannelafleur.ca\/fr\/wp-json\/wp\/v2\/pages\/173","targetHints":{"allow":["GET"]}}],"collection":[{"href":"https:\/\/roxannelafleur.ca\/fr\/wp-json\/wp\/v2\/pages"}],"about":[{"href":"https:\/\/roxannelafleur.ca\/fr\/wp-json\/wp\/v2\/types\/page"}],"author":[{"embeddable":true,"href":"https:\/\/roxannelafleur.ca\/fr\/wp-json\/wp\/v2\/users\/2"}],"replies":[{"embeddable":true,"href":"https:\/\/roxannelafleur.ca\/fr\/wp-json\/wp\/v2\/comments?post=173"}],"version-history":[{"count":12,"href":"https:\/\/roxannelafleur.ca\/fr\/wp-json\/wp\/v2\/pages\/173\/revisions"}],"predecessor-version":[{"id":228,"href":"https:\/\/roxannelafleur.ca\/fr\/wp-json\/wp\/v2\/pages\/173\/revisions\/228"}],"wp:attachment":[{"href":"https:\/\/roxannelafleur.ca\/fr\/wp-json\/wp\/v2\/media?parent=173"}],"curies":[{"name":"wp","href":"https:\/\/api.w.org\/{rel}","templated":true}]}}