{"id":22,"date":"2026-05-10T19:20:24","date_gmt":"2026-05-10T19:20:24","guid":{"rendered":"https:\/\/roxannelafleur.ca\/?page_id=22"},"modified":"2026-05-10T20:03:03","modified_gmt":"2026-05-11T00:03:03","slug":"walls","status":"publish","type":"page","link":"https:\/\/roxannelafleur.ca\/fr\/walls\/","title":{"rendered":"Murs"},"content":{"rendered":"<h2 class=\"wp-block-heading has-medium-font-size\">une s\u00e9lection de dessins<\/h2>\n\n\n\n<figure class=\"wp-block-image size-full\"><img loading=\"lazy\" decoding=\"async\" width=\"1024\" height=\"677\" src=\"https:\/\/roxannelafleur.ca\/wp-content\/uploads\/2026\/05\/rlafleur2003003-1.jpg\" alt=\"\" class=\"wp-image-47\" srcset=\"https:\/\/roxannelafleur.ca\/wp-content\/uploads\/2026\/05\/rlafleur2003003-1.jpg 1024w, https:\/\/roxannelafleur.ca\/wp-content\/uploads\/2026\/05\/rlafleur2003003-1-300x198.jpg 300w, https:\/\/roxannelafleur.ca\/wp-content\/uploads\/2026\/05\/rlafleur2003003-1-768x508.jpg 768w, https:\/\/roxannelafleur.ca\/wp-content\/uploads\/2026\/05\/rlafleur2003003-1-18x12.jpg 18w\" sizes=\"auto, (max-width: 1024px) 100vw, 1024px\" \/><figcaption class=\"wp-element-caption\"><strong>Murs I : Aile<\/strong> (2003)<br>fusain, Cont\u00e9, pastels secs, graphite sur papier Stonehenge, 63,5 x 96,5 cm<\/figcaption><\/figure>\n\n\n\n<figure class=\"wp-block-image size-large\"><img loading=\"lazy\" decoding=\"async\" width=\"1024\" height=\"677\" src=\"https:\/\/roxannelafleur.ca\/wp-content\/uploads\/2026\/05\/rlafleur2004001-1024x677.jpg\" alt=\"\" class=\"wp-image-48\" srcset=\"https:\/\/roxannelafleur.ca\/wp-content\/uploads\/2026\/05\/rlafleur2004001-1024x677.jpg 1024w, https:\/\/roxannelafleur.ca\/wp-content\/uploads\/2026\/05\/rlafleur2004001-300x198.jpg 300w, https:\/\/roxannelafleur.ca\/wp-content\/uploads\/2026\/05\/rlafleur2004001-768x508.jpg 768w, https:\/\/roxannelafleur.ca\/wp-content\/uploads\/2026\/05\/rlafleur2004001-18x12.jpg 18w, https:\/\/roxannelafleur.ca\/wp-content\/uploads\/2026\/05\/rlafleur2004001.jpg 1026w\" sizes=\"auto, (max-width: 1024px) 100vw, 1024px\" \/><figcaption class=\"wp-element-caption\"><strong>Murs II : Ombre<\/strong> (2004)<br>fusain, Cont\u00e9, pastels secs, graphite, crayons de couleur sur papier Stonehenge, 63,5 x 96,5 cm<\/figcaption><\/figure>\n\n\n\n<figure class=\"wp-block-image size-full\"><img loading=\"lazy\" decoding=\"async\" width=\"1024\" height=\"678\" src=\"https:\/\/roxannelafleur.ca\/wp-content\/uploads\/2026\/05\/rlafleur2004002.jpg\" alt=\"\" class=\"wp-image-52\" srcset=\"https:\/\/roxannelafleur.ca\/wp-content\/uploads\/2026\/05\/rlafleur2004002.jpg 1024w, https:\/\/roxannelafleur.ca\/wp-content\/uploads\/2026\/05\/rlafleur2004002-300x199.jpg 300w, https:\/\/roxannelafleur.ca\/wp-content\/uploads\/2026\/05\/rlafleur2004002-768x509.jpg 768w, https:\/\/roxannelafleur.ca\/wp-content\/uploads\/2026\/05\/rlafleur2004002-18x12.jpg 18w\" sizes=\"auto, (max-width: 1024px) 100vw, 1024px\" \/><figcaption class=\"wp-element-caption\"><strong>Murs III : Horizon<\/strong> (2004)<br>fusain, Cont\u00e9, pastels secs, graphite sur papier Stonehenge, 63,5 x 96,5 cm<\/figcaption><\/figure>\n\n\n\n<figure class=\"wp-block-image size-full\"><img loading=\"lazy\" decoding=\"async\" width=\"800\" height=\"525\" src=\"https:\/\/roxannelafleur.ca\/wp-content\/uploads\/2026\/05\/rlafleur2004004.jpg\" alt=\"\" class=\"wp-image-53\" srcset=\"https:\/\/roxannelafleur.ca\/wp-content\/uploads\/2026\/05\/rlafleur2004004.jpg 800w, https:\/\/roxannelafleur.ca\/wp-content\/uploads\/2026\/05\/rlafleur2004004-300x197.jpg 300w, https:\/\/roxannelafleur.ca\/wp-content\/uploads\/2026\/05\/rlafleur2004004-768x504.jpg 768w, https:\/\/roxannelafleur.ca\/wp-content\/uploads\/2026\/05\/rlafleur2004004-18x12.jpg 18w\" sizes=\"auto, (max-width: 800px) 100vw, 800px\" \/><figcaption class=\"wp-element-caption\">Murs V: Portail<br>cont\u00e9, pastels secs, b\u00e2tons \u00e0 l\u2019huile, fusain, graphite, collage sur papier Stonehenge, 63,5 x 96,5 cm<\/figcaption><\/figure>\n\n\n\n<p><\/p>","protected":false},"excerpt":{"rendered":"<p>une s\u00e9lection de dessins<\/p>","protected":false},"author":1,"featured_media":0,"parent":0,"menu_order":0,"comment_status":"closed","ping_status":"closed","template":"","meta":{"pagelayer_contact_templates":[],"_pagelayer_content":"","footnotes":""},"class_list":["post-22","page","type-page","status-publish","hentry"],"_links":{"self":[{"href":"https:\/\/roxannelafleur.ca\/fr\/wp-json\/wp\/v2\/pages\/22","targetHints":{"allow":["GET"]}}],"collection":[{"href":"https:\/\/roxannelafleur.ca\/fr\/wp-json\/wp\/v2\/pages"}],"about":[{"href":"https:\/\/roxannelafleur.ca\/fr\/wp-json\/wp\/v2\/types\/page"}],"author":[{"embeddable":true,"href":"https:\/\/roxannelafleur.ca\/fr\/wp-json\/wp\/v2\/users\/1"}],"replies":[{"embeddable":true,"href":"https:\/\/roxannelafleur.ca\/fr\/wp-json\/wp\/v2\/comments?post=22"}],"version-history":[{"count":9,"href":"https:\/\/roxannelafleur.ca\/fr\/wp-json\/wp\/v2\/pages\/22\/revisions"}],"predecessor-version":[{"id":144,"href":"https:\/\/roxannelafleur.ca\/fr\/wp-json\/wp\/v2\/pages\/22\/revisions\/144"}],"wp:attachment":[{"href":"https:\/\/roxannelafleur.ca\/fr\/wp-json\/wp\/v2\/media?parent=22"}],"curies":[{"name":"wp","href":"https:\/\/api.w.org\/{rel}","templated":true}]}}