{"id":323,"date":"2026-05-13T23:23:02","date_gmt":"2026-05-14T03:23:02","guid":{"rendered":"https:\/\/roxannelafleur.ca\/?page_id=323"},"modified":"2026-05-13T23:36:31","modified_gmt":"2026-05-14T03:36:31","slug":"inspiration","status":"publish","type":"page","link":"https:\/\/roxannelafleur.ca\/fr\/inspiration\/","title":{"rendered":"Inspiration"},"content":{"rendered":"<h2 class=\"wp-block-heading has-medium-font-size\">livre d'artiste (prototype 2016)<\/h2>\n\n\n\n<div class=\"wp-block-media-text has-media-on-the-right is-stacked-on-mobile\"><div class=\"wp-block-media-text__content\">\n<p>The beginning of anything feels uncertain. If too early or if delayed, the smaller the chance of beginning.<\/p>\n<\/div><figure class=\"wp-block-media-text__media\"><img loading=\"lazy\" decoding=\"async\" width=\"715\" height=\"1025\" src=\"https:\/\/roxannelafleur.ca\/wp-content\/uploads\/2026\/05\/rlafleur2015003-covA.jpg\" alt=\"\" class=\"wp-image-327 size-full\" srcset=\"https:\/\/roxannelafleur.ca\/wp-content\/uploads\/2026\/05\/rlafleur2015003-covA.jpg 715w, https:\/\/roxannelafleur.ca\/wp-content\/uploads\/2026\/05\/rlafleur2015003-covA-209x300.jpg 209w, https:\/\/roxannelafleur.ca\/wp-content\/uploads\/2026\/05\/rlafleur2015003-covA-8x12.jpg 8w\" sizes=\"auto, (max-width: 715px) 100vw, 715px\" \/><\/figure><\/div>\n\n\n\n<div class=\"wp-block-media-text is-stacked-on-mobile\" style=\"grid-template-columns:49% auto\"><figure class=\"wp-block-media-text__media\"><img loading=\"lazy\" decoding=\"async\" width=\"684\" height=\"1024\" src=\"https:\/\/roxannelafleur.ca\/wp-content\/uploads\/2026\/05\/rlafleur2015003-cAr.jpg\" alt=\"\" class=\"wp-image-337 size-full\" srcset=\"https:\/\/roxannelafleur.ca\/wp-content\/uploads\/2026\/05\/rlafleur2015003-cAr.jpg 684w, https:\/\/roxannelafleur.ca\/wp-content\/uploads\/2026\/05\/rlafleur2015003-cAr-200x300.jpg 200w, https:\/\/roxannelafleur.ca\/wp-content\/uploads\/2026\/05\/rlafleur2015003-cAr-8x12.jpg 8w\" sizes=\"auto, (max-width: 684px) 100vw, 684px\" \/><\/figure><div class=\"wp-block-media-text__content\">\n<p><em>Mon avenir <s>\u00e9loign\u00e9<\/s> se dessine.<\/em><\/p>\n<\/div><\/div>\n\n\n\n<p>Voici quatre page doubles.<\/p>\n\n\n\n\n\n<p class=\"has-small-font-size\">dessins imprim\u00e9s \u00e0 jet d\u2019encre sur papier BFK Rives et texte sur papier Canson Vidalon Vellum, reli\u00e9 \u00e0 la main et recouvert de tissue, 18,5 x 12,3 x 1,3 cm,  8 cahiers, 64 pages<\/p>\n\n\n\n<p>Le texte s'inspire de recherches men\u00e9es depuis les ann\u00e9es 1960 jusqu'\u00e0 aujourd'hui au sujet de la naissance pr\u00e9matur\u00e9e. Imprim\u00e9es sur du papier translucide, les lignes de texte en fran\u00e7ais, qui repr\u00e9sentent la voix du nouveau-n\u00e9, s\u2019intercalent entre celles de la voix de la science en anglais, chacune \u00e9tant lisible sur une face oppos\u00e9e du papier. Toutes les images sont des reproductions des dessins de la s\u00e9rie <em>Incubateur<\/em> .<\/p>","protected":false},"excerpt":{"rendered":"<p>artist&#8217;s book (prototype 2016) The beginning of anything feels uncertain. If too early or if delayed, the smaller the chance of beginning. Mon avenir \u00e9loign\u00e9 se dessine. Four page spreads shown below. inkjet printed drawings on BFK Rives paper and text in French and English on Canson Vidalon Vellum, handbound in cloth, 18.5 x 12.3 [&hellip;]<\/p>\n","protected":false},"author":2,"featured_media":0,"parent":0,"menu_order":0,"comment_status":"closed","ping_status":"closed","template":"","meta":{"pagelayer_contact_templates":[],"_pagelayer_content":"","footnotes":""},"class_list":["post-323","page","type-page","status-publish","hentry"],"_links":{"self":[{"href":"https:\/\/roxannelafleur.ca\/fr\/wp-json\/wp\/v2\/pages\/323","targetHints":{"allow":["GET"]}}],"collection":[{"href":"https:\/\/roxannelafleur.ca\/fr\/wp-json\/wp\/v2\/pages"}],"about":[{"href":"https:\/\/roxannelafleur.ca\/fr\/wp-json\/wp\/v2\/types\/page"}],"author":[{"embeddable":true,"href":"https:\/\/roxannelafleur.ca\/fr\/wp-json\/wp\/v2\/users\/2"}],"replies":[{"embeddable":true,"href":"https:\/\/roxannelafleur.ca\/fr\/wp-json\/wp\/v2\/comments?post=323"}],"version-history":[{"count":13,"href":"https:\/\/roxannelafleur.ca\/fr\/wp-json\/wp\/v2\/pages\/323\/revisions"}],"predecessor-version":[{"id":354,"href":"https:\/\/roxannelafleur.ca\/fr\/wp-json\/wp\/v2\/pages\/323\/revisions\/354"}],"wp:attachment":[{"href":"https:\/\/roxannelafleur.ca\/fr\/wp-json\/wp\/v2\/media?parent=323"}],"curies":[{"name":"wp","href":"https:\/\/api.w.org\/{rel}","templated":true}]}}