{"id":439,"date":"2026-05-16T16:38:50","date_gmt":"2026-05-16T20:38:50","guid":{"rendered":"https:\/\/roxannelafleur.ca\/?page_id=439"},"modified":"2026-05-16T16:48:15","modified_gmt":"2026-05-16T20:48:15","slug":"confinement-states-etats","status":"publish","type":"page","link":"https:\/\/roxannelafleur.ca\/fr\/confinement-states-etats\/","title":{"rendered":"\u00c9tats de confinement"},"content":{"rendered":"<p>D\u2019avril 2020 \u00e0 d\u00e9cembre 2021, je marchais presque tous les jours le long du canal Rideau, dans le centre-ville d\u2019Ottawa. J\u2019observais un environnement en pleine effervescence, en cette p\u00e9riode sans pr\u00e9c\u00e9dent devenue la \u00ab\u2009nouvelle normalit\u00e9\u2009\u00bb. Dans l\u2019ombre de la pand\u00e9mie et des pr\u00e9occupations environnementales et sociales, j\u2019ai commenc\u00e9 \u00e0 documenter mes observations en juin 2020\u00a0: la fragilit\u00e9, la survie, la r\u00e9silience et l\u2019isolement, mettant en lumi\u00e8re les tensions entre nature et culture. C\u2019est de l\u00e0 qu\u2019est n\u00e9 ce project.<\/p>\n\n\n\n<figure class=\"wp-block-image size-full\"><img loading=\"lazy\" decoding=\"async\" width=\"1024\" height=\"683\" src=\"https:\/\/roxannelafleur.ca\/wp-content\/uploads\/2026\/05\/rlafleur2024002-01.jpg\" alt=\"\" class=\"wp-image-455\" srcset=\"https:\/\/roxannelafleur.ca\/wp-content\/uploads\/2026\/05\/rlafleur2024002-01.jpg 1024w, https:\/\/roxannelafleur.ca\/wp-content\/uploads\/2026\/05\/rlafleur2024002-01-300x200.jpg 300w, https:\/\/roxannelafleur.ca\/wp-content\/uploads\/2026\/05\/rlafleur2024002-01-768x512.jpg 768w, https:\/\/roxannelafleur.ca\/wp-content\/uploads\/2026\/05\/rlafleur2024002-01-18x12.jpg 18w\" sizes=\"auto, (max-width: 1024px) 100vw, 1024px\" \/><\/figure>\n\n\n\n<figure class=\"wp-block-image size-full\"><img loading=\"lazy\" decoding=\"async\" width=\"1024\" height=\"683\" src=\"https:\/\/roxannelafleur.ca\/wp-content\/uploads\/2026\/05\/rlafleur2024002-03.jpg\" alt=\"\" class=\"wp-image-457\" srcset=\"https:\/\/roxannelafleur.ca\/wp-content\/uploads\/2026\/05\/rlafleur2024002-03.jpg 1024w, https:\/\/roxannelafleur.ca\/wp-content\/uploads\/2026\/05\/rlafleur2024002-03-300x200.jpg 300w, https:\/\/roxannelafleur.ca\/wp-content\/uploads\/2026\/05\/rlafleur2024002-03-768x512.jpg 768w, https:\/\/roxannelafleur.ca\/wp-content\/uploads\/2026\/05\/rlafleur2024002-03-18x12.jpg 18w\" sizes=\"auto, (max-width: 1024px) 100vw, 1024px\" \/><\/figure>\n\n\n\n<figure class=\"wp-block-image size-full\"><img loading=\"lazy\" decoding=\"async\" width=\"1024\" height=\"683\" src=\"https:\/\/roxannelafleur.ca\/wp-content\/uploads\/2026\/05\/rlafleur2024002-02.jpg\" alt=\"\" class=\"wp-image-456\" srcset=\"https:\/\/roxannelafleur.ca\/wp-content\/uploads\/2026\/05\/rlafleur2024002-02.jpg 1024w, https:\/\/roxannelafleur.ca\/wp-content\/uploads\/2026\/05\/rlafleur2024002-02-300x200.jpg 300w, https:\/\/roxannelafleur.ca\/wp-content\/uploads\/2026\/05\/rlafleur2024002-02-768x512.jpg 768w, https:\/\/roxannelafleur.ca\/wp-content\/uploads\/2026\/05\/rlafleur2024002-02-18x12.jpg 18w\" sizes=\"auto, (max-width: 1024px) 100vw, 1024px\" \/><\/figure>\n\n\n\n<div class=\"wp-block-columns is-layout-flex wp-container-core-columns-is-layout-28f84493 wp-block-columns-is-layout-flex\">\n<div class=\"wp-block-column is-layout-flow wp-block-column-is-layout-flow\">\n<figure class=\"wp-block-image size-large\"><img loading=\"lazy\" decoding=\"async\" width=\"760\" height=\"1024\" src=\"https:\/\/roxannelafleur.ca\/wp-content\/uploads\/2026\/05\/rlafleur2026002-01-760x1024.jpg\" alt=\"\" class=\"wp-image-446\" srcset=\"https:\/\/roxannelafleur.ca\/wp-content\/uploads\/2026\/05\/rlafleur2026002-01-760x1024.jpg 760w, https:\/\/roxannelafleur.ca\/wp-content\/uploads\/2026\/05\/rlafleur2026002-01-223x300.jpg 223w, https:\/\/roxannelafleur.ca\/wp-content\/uploads\/2026\/05\/rlafleur2026002-01-768x1034.jpg 768w, https:\/\/roxannelafleur.ca\/wp-content\/uploads\/2026\/05\/rlafleur2026002-01-9x12.jpg 9w, https:\/\/roxannelafleur.ca\/wp-content\/uploads\/2026\/05\/rlafleur2026002-01.jpg 1000w\" sizes=\"auto, (max-width: 760px) 100vw, 760px\" \/><figcaption class=\"wp-element-caption\">\u00c9tats de confinement : printemps (diptyque)<\/figcaption><\/figure>\n<\/div>\n\n\n\n<div class=\"wp-block-column is-layout-flow wp-block-column-is-layout-flow\">\n<figure class=\"wp-block-image size-large\"><img loading=\"lazy\" decoding=\"async\" width=\"760\" height=\"1024\" src=\"https:\/\/roxannelafleur.ca\/wp-content\/uploads\/2026\/05\/rlafleur2026002-02-760x1024.jpg\" alt=\"\" class=\"wp-image-447\" srcset=\"https:\/\/roxannelafleur.ca\/wp-content\/uploads\/2026\/05\/rlafleur2026002-02-760x1024.jpg 760w, https:\/\/roxannelafleur.ca\/wp-content\/uploads\/2026\/05\/rlafleur2026002-02-223x300.jpg 223w, https:\/\/roxannelafleur.ca\/wp-content\/uploads\/2026\/05\/rlafleur2026002-02-768x1034.jpg 768w, https:\/\/roxannelafleur.ca\/wp-content\/uploads\/2026\/05\/rlafleur2026002-02-9x12.jpg 9w, https:\/\/roxannelafleur.ca\/wp-content\/uploads\/2026\/05\/rlafleur2026002-02.jpg 1000w\" sizes=\"auto, (max-width: 760px) 100vw, 760px\" \/><figcaption class=\"wp-element-caption\">\u00c9tats de confinement : \u00e9t\u00e9 (diptyque)<\/figcaption><\/figure>\n<\/div>\n<\/div>\n\n\n\n<div class=\"wp-block-columns is-layout-flex wp-container-core-columns-is-layout-28f84493 wp-block-columns-is-layout-flex\">\n<div class=\"wp-block-column is-layout-flow wp-block-column-is-layout-flow\">\n<figure class=\"wp-block-image size-large\"><img loading=\"lazy\" decoding=\"async\" width=\"760\" height=\"1024\" src=\"https:\/\/roxannelafleur.ca\/wp-content\/uploads\/2026\/05\/rlafleur2026002-03-760x1024.jpg\" alt=\"\" class=\"wp-image-448\" srcset=\"https:\/\/roxannelafleur.ca\/wp-content\/uploads\/2026\/05\/rlafleur2026002-03-760x1024.jpg 760w, https:\/\/roxannelafleur.ca\/wp-content\/uploads\/2026\/05\/rlafleur2026002-03-223x300.jpg 223w, https:\/\/roxannelafleur.ca\/wp-content\/uploads\/2026\/05\/rlafleur2026002-03-768x1034.jpg 768w, https:\/\/roxannelafleur.ca\/wp-content\/uploads\/2026\/05\/rlafleur2026002-03-9x12.jpg 9w, https:\/\/roxannelafleur.ca\/wp-content\/uploads\/2026\/05\/rlafleur2026002-03.jpg 1000w\" sizes=\"auto, (max-width: 760px) 100vw, 760px\" \/><figcaption class=\"wp-element-caption\">\u00c9tats de confinement : automne (diptyque)<\/figcaption><\/figure>\n<\/div>\n\n\n\n<div class=\"wp-block-column is-layout-flow wp-block-column-is-layout-flow\">\n<figure class=\"wp-block-image size-large\"><img loading=\"lazy\" decoding=\"async\" width=\"760\" height=\"1024\" src=\"https:\/\/roxannelafleur.ca\/wp-content\/uploads\/2026\/05\/rlafleur2026002-04-760x1024.jpg\" alt=\"\" class=\"wp-image-450\" srcset=\"https:\/\/roxannelafleur.ca\/wp-content\/uploads\/2026\/05\/rlafleur2026002-04-760x1024.jpg 760w, https:\/\/roxannelafleur.ca\/wp-content\/uploads\/2026\/05\/rlafleur2026002-04-223x300.jpg 223w, https:\/\/roxannelafleur.ca\/wp-content\/uploads\/2026\/05\/rlafleur2026002-04-768x1034.jpg 768w, https:\/\/roxannelafleur.ca\/wp-content\/uploads\/2026\/05\/rlafleur2026002-04-9x12.jpg 9w, https:\/\/roxannelafleur.ca\/wp-content\/uploads\/2026\/05\/rlafleur2026002-04.jpg 1000w\" sizes=\"auto, (max-width: 760px) 100vw, 760px\" \/><figcaption class=\"wp-element-caption\">\u00c9tats de confinement : hiver (diptyque)<\/figcaption><\/figure>\n<\/div>\n<\/div>\n\n\n\n<p class=\"has-small-font-size\">Trente-quatre tirages photographiques \u00e0 jet d\u2019encre pigmentaire de haute qualit\u00e9 sur papier Hahnem\u00fchle Photo Rag Book and Album, chacun 33 x 48,3\u00a0cm.<\/p>\n\n\n\n<p>Exposition au Centre national des Arts, \u00e0 Ottawa, du 1er\u00a0mai au 30\u00a0novembre 2026, dans deux espaces publics\u00a0: la Galerie Hon. Bill Morneau &amp; Nancy McCain (au niveau de la rue Elgin), et la Galerie Heather Edwards (au niveau du canal). Chacune des installations comprend six \u00e9preuves encadr\u00e9es, tir\u00e9es de cette s\u00e9rie, juxtapos\u00e9es \u00e0 ceux de <em>confinement<\/em> dans les cadres carr\u00e9s, choisis pour illustrer le passage des saisons\u00a0: printemps-\u00e9t\u00e9 du 1er\u00a0mai au 6\u00a0juillet, \u00e9t\u00e9-automne du 7\u00a0juillet au 14\u00a0septembre, et automne-hiver du 15\u00a0septembre au 30\u00a0novembre 2026.<\/p>\n\n\n\n<figure class=\"wp-block-image size-large\"><img loading=\"lazy\" decoding=\"async\" width=\"1024\" height=\"768\" src=\"https:\/\/roxannelafleur.ca\/wp-content\/uploads\/2026\/05\/rlafleur2024002-NAC-PE-1024x768.jpg\" alt=\"\" class=\"wp-image-459\" srcset=\"https:\/\/roxannelafleur.ca\/wp-content\/uploads\/2026\/05\/rlafleur2024002-NAC-PE-1024x768.jpg 1024w, https:\/\/roxannelafleur.ca\/wp-content\/uploads\/2026\/05\/rlafleur2024002-NAC-PE-300x225.jpg 300w, https:\/\/roxannelafleur.ca\/wp-content\/uploads\/2026\/05\/rlafleur2024002-NAC-PE-768x576.jpg 768w, https:\/\/roxannelafleur.ca\/wp-content\/uploads\/2026\/05\/rlafleur2024002-NAC-PE-16x12.jpg 16w, https:\/\/roxannelafleur.ca\/wp-content\/uploads\/2026\/05\/rlafleur2024002-NAC-PE.jpg 1100w\" sizes=\"auto, (max-width: 1024px) 100vw, 1024px\" \/><\/figure>","protected":false},"excerpt":{"rendered":"<p>From April 2020 to December 2021, I walked almost daily along the Rideau Canal in downtown Ottawa. I noticed an environment buzzing with activity during abnormal times that had become the &#8220;new normal.&#8221; Under the shadows of pandemic, environmental and social concerns, I began in June 2020 to document my observations of fragility, survival, resilience [&hellip;]<\/p>\n","protected":false},"author":2,"featured_media":0,"parent":0,"menu_order":0,"comment_status":"closed","ping_status":"closed","template":"","meta":{"pagelayer_contact_templates":[],"_pagelayer_content":"","footnotes":""},"class_list":["post-439","page","type-page","status-publish","hentry"],"_links":{"self":[{"href":"https:\/\/roxannelafleur.ca\/fr\/wp-json\/wp\/v2\/pages\/439","targetHints":{"allow":["GET"]}}],"collection":[{"href":"https:\/\/roxannelafleur.ca\/fr\/wp-json\/wp\/v2\/pages"}],"about":[{"href":"https:\/\/roxannelafleur.ca\/fr\/wp-json\/wp\/v2\/types\/page"}],"author":[{"embeddable":true,"href":"https:\/\/roxannelafleur.ca\/fr\/wp-json\/wp\/v2\/users\/2"}],"replies":[{"embeddable":true,"href":"https:\/\/roxannelafleur.ca\/fr\/wp-json\/wp\/v2\/comments?post=439"}],"version-history":[{"count":5,"href":"https:\/\/roxannelafleur.ca\/fr\/wp-json\/wp\/v2\/pages\/439\/revisions"}],"predecessor-version":[{"id":464,"href":"https:\/\/roxannelafleur.ca\/fr\/wp-json\/wp\/v2\/pages\/439\/revisions\/464"}],"wp:attachment":[{"href":"https:\/\/roxannelafleur.ca\/fr\/wp-json\/wp\/v2\/media?parent=439"}],"curies":[{"name":"wp","href":"https:\/\/api.w.org\/{rel}","templated":true}]}}